{"id":293,"date":"2023-09-26T04:29:18","date_gmt":"2023-09-26T02:29:18","guid":{"rendered":"https:\/\/majoral.net\/?page_id=293"},"modified":"2023-09-26T08:11:06","modified_gmt":"2023-09-26T06:11:06","slug":"politica-de-cookies","status":"publish","type":"page","link":"https:\/\/majoral.net\/es\/politica-de-cookies\/","title":{"rendered":"Pol\u00edtica de cookies"},"content":{"rendered":"<header class=\"entry-header ast-no-thumbnail ast-no-meta\">\n<h1 class=\"entry-title\">\u00a0Pol\u00edtica de cookies<\/h1>\n<\/header>\n<div class=\"entry-content clear\">\n<p><strong>Qu\u00e8 s\u00f3n les cookies i per qu\u00e8 les utilitzem?<\/strong><\/p>\n<p>Aquest lloc web, igual que la majoria de llocs web a Internet, utilitza cookies per millorar lexperi\u00e8ncia de lusuari.\u00a0A continuaci\u00f3, trobareu informaci\u00f3 sobre qu\u00e8 s\u00f3n les galetes, quin tipus de galetes utilitza aquest portal, com podeu desactivar les galetes al vostre navegador i com desactivar espec\u00edficament la instal\u00b7laci\u00f3 de les galetes de tercers.<\/p>\n<p>&nbsp;<\/p>\n<p><strong>Qu\u00e8 s\u00f3n les galetes?<\/strong><\/p>\n<p>Les cookies s\u00f3n petits arxius que algunes plataformes, com les p\u00e0gines web, poden instal\u00b7lar al vostre ordinador, tel\u00e8fon intel\u00b7ligent, tauleta o televisi\u00f3 connectada.\u00a0Les seves funcions poden ser molt variades: emmagatzemar les prefer\u00e8ncies de navegaci\u00f3, recopilar informaci\u00f3 estad\u00edstica, permetre certes funcionalitats t\u00e8cniques, etc\u00e8tera.\u00a0De vegades, les galetes s&#8217;utilitzen per emmagatzemar informaci\u00f3 b\u00e0sica sobre els h\u00e0bits de navegaci\u00f3 de l&#8217;usuari o del seu equip, fins al punt, segons els casos, de poder-lo recon\u00e8ixer.<\/p>\n<p>&nbsp;<\/p>\n<p><strong>Per qu\u00e8 s\u00f3n importants?<\/strong><\/p>\n<p>Les galetes s\u00f3n \u00fatils per a diversos motius.\u00a0Des d&#8217;un punt de vista t\u00e8cnic, permeten que les p\u00e0gines web funcionin de manera m\u00e9s \u00e0gil i adaptada a les vostres prefer\u00e8ncies, com ara emmagatzemar el vostre idioma o la moneda del vostre pa\u00eds.\u00a0A m\u00e9s, ajuden els responsables dels llocs web a millorar els serveis que ofereixen, gr\u00e0cies a la informaci\u00f3 estad\u00edstica que recullen a trav\u00e9s seu.<\/p>\n<p>&nbsp;<\/p>\n<p><strong>Tipologia, Finalitat i Funcionament de les Cookies\u00a0<\/strong><strong>.<\/strong><\/p>\n<p>Les galetes, en funci\u00f3 de la seva perman\u00e8ncia, es poden dividir en galetes de sessi\u00f3 o permanents.\u00a0Les primeres expiren quan l&#8217;usuari tanca el navegador.\u00a0Les segones expiren en funci\u00f3 quan es compleixi l&#8217;objectiu per al que serveixen (per exemple, perqu\u00e8 l&#8217;usuari es mantingui identificat a les p\u00e0gines de <span style=\"font-weight: 400;\">www.majoral.net<\/span>) o b\u00e9 quan s&#8217;esborren manualment.<\/p>\n<p>Addicionalment, en funci\u00f3 del seu objectiu, les galetes es poden classificar de la seg\u00fcent manera:<\/p>\n<p>&nbsp;<\/p>\n<p><strong>Cookies de Rendiment<\/strong>\u00a0: Aquest tipus de galeta recorda les teves prefer\u00e8ncies per a les eines que es troben a les p\u00e0gines, per la qual cosa no cal tornar a configurar cada vegada que la visites.\u00a0A tall d&#8217;exemple, en aquesta tipologia s&#8217;inclouen:<\/p>\n<p>Configuraci\u00f3 de volum de reproductors de v\u00eddeo o so.<\/p>\n<p>Les velocitats de transmissi\u00f3 de v\u00eddeo compatibles amb el vostre navegador.<\/p>\n<p>&nbsp;<\/p>\n<p><strong>Galetes de Geolocalitzaci\u00f3<\/strong>\u00a0: Aquestes cookies s\u00f3n utilitzades per esbrinar a quin pa\u00eds et trobes quan es navega per la web.\u00a0Aquesta galeta \u00e9s totalment an\u00f2nima, i nom\u00e9s s&#8217;utilitza per ajudar a orientar el contingut a la vostra ubicaci\u00f3.<\/p>\n<p>&nbsp;<\/p>\n<p><strong>Galetes de registre<\/strong>\u00a0: Les galetes de registre es generen una vegada que l&#8217;usuari s&#8217;ha registrat o posteriorment va comen\u00e7ar la sessi\u00f3, i s&#8217;utilitzen per identificar-lo a les p\u00e0gines amb els objectius seg\u00fcents:<\/p>\n<ul>\n<li>Mantenir l&#8217;usuari identificat de manera que, si tanqueu una p\u00e0gina, el navegador o l&#8217;ordinador i en un altre moment o un altre dia torneu a entrar en aquesta p\u00e0gina, seguireu identificat, facilitant aix\u00ed la vostra navegaci\u00f3 sense haver de tornar-vos a identificar.\u00a0Aquesta funcionalitat es pot suprimir si l&#8217;usuari prem la funcionalitat \u201ctancar sessi\u00f3\u201d, per la qual cosa aquesta galeta s&#8217;elimina i la propera vegada que entri a la p\u00e0gina l&#8217;usuari haur\u00e0 d&#8217;iniciar sessi\u00f3 per estar identificat.<\/li>\n<li>Comproveu si l&#8217;usuari est\u00e0 autoritzat per accedir a certes p\u00e0gines, per exemple, per participar en un concurs.<\/li>\n<li>Addicionalment, algunes p\u00e0gines poden utilitzar connectors amb xarxes socials com Facebook, Instagram, Youtube o Twitter.\u00a0Quan l&#8217;usuari es registra en una p\u00e0gina amb credencials d&#8217;una xarxa social, autoritza la xarxa social a desar una galeta persistent que recorda la seva identitat i garanteix acc\u00e9s a les p\u00e0gines fins que expira.\u00a0L&#8217;usuari pot esborrar aquesta galeta i revocar l&#8217;acc\u00e9s a les p\u00e0gines a trav\u00e9s de xarxes socials actualitzant les prefer\u00e8ncies a la xarxa social que espec\u00edfica.<\/li>\n<\/ul>\n<p>&nbsp;<\/p>\n<p><strong>Galetes d&#8217;anal\u00edtiques<\/strong> : Cada vegada que un usuari visita una p\u00e0gina, una eina d&#8217;un prove\u00efdor extern (en el nostre cas Google Analytics) genera una galeta anal\u00edtica a l&#8217;ordinador de l&#8217;usuari.\u00a0Aquesta galeta que nom\u00e9s es genera a la visita, servir\u00e0 en futures visites a les p\u00e0gines de <span style=\"font-weight: 400;\">www.majoral.net<\/span> per identificar de forma an\u00f2nima el visitant.\u00a0Els objectius principals que es persegueixen s\u00f3n:<\/p>\n<ul>\n<li>Permetre la identificaci\u00f3 an\u00f2nima dels usuaris navegants a trav\u00e9s de la galeta (identifica navegadors i dispositius, no persones) i per tant la comptabilitzaci\u00f3 aproximada del nombre de visitants i la seva tend\u00e8ncia en el temps.<\/li>\n<li>Identificar de forma an\u00f2nima els continguts m\u00e9s visitats i, per tant, m\u00e9s atractius per als usuaris.<\/li>\n<li>Saber si lusuari que est\u00e0 accedint \u00e9s nou o repeteix visita.<\/li>\n<\/ul>\n<p>Important: Llevat que l&#8217;usuari decideixi registrar-se a la web de <span style=\"font-weight: 400;\">www.majoral.net<\/span>, la galeta mai no anir\u00e0 associada a cap dada de car\u00e0cter personal que pugui identificar-la. Aquestes galetes nom\u00e9s seran utilitzades amb prop\u00f2sits estad\u00edstics que ajudin a l&#8217;optimitzaci\u00f3 de l&#8217;experi\u00e8ncia dels usuaris al lloc.<\/p>\n<p>&nbsp;<\/p>\n<p><strong>Altres cookies de tercers\u00a0<\/strong><strong>.<\/strong><\/p>\n<p>En algunes de les nostres p\u00e0gines es poden instal\u00b7lar galetes de tercers que permetin gestionar i millorar els serveis que aquests ofereixen.\u00a0Un exemple d\u201faquest \u00fas s\u00f3n els enlla\u00e7os a les xarxes socials que permeten compartir els nostres continguts.<\/p>\n<p><strong>Com puc configurar les meves prefer\u00e8ncies?<\/strong><\/p>\n<p>Podeu permetre, bloquejar o eliminar les galetes instal\u00b7lades al vostre equip mitjan\u00e7ant la configuraci\u00f3 de les opcions del vostre navegador d&#8217;internet.\u00a0En cas que les bloquegi, \u00e9s possible que certs serveis que necessiten el seu \u00fas no estiguin disponibles per a vost\u00e8.<\/p>\n<p><strong>Utilitzaci\u00f3 de Cookies\u00a0<\/strong><strong>.<\/strong><\/p>\n<p>Les galetes s\u00f3n fitxers enviats a un navegador per mitj\u00e0 d&#8217;un servidor web per registrar les activitats de l&#8217;usuari en una web determinada.\u00a0La primera finalitat de les galetes \u00e9s la de facilitar a l&#8217;usuari un acc\u00e9s m\u00e9s r\u00e0pid a les p\u00e0gines seleccionades.<\/p>\n<p>El web <span style=\"font-weight: 400;\">www.majoral.net<\/span> utilitza galetes per personalitzar i facilitar al m\u00e0xim la navegaci\u00f3 de l&#8217;usuari. Les cookies s&#8217;associen \u00fanicament a un usuari an\u00f2nim i el vostre ordinador i no proporcionen refer\u00e8ncies que permetin deduir dades personals de l&#8217;usuari.\u00a0L&#8217;usuari podr\u00e0 configurar el navegador perqu\u00e8 notifiqui i rebutgi la instal\u00b7laci\u00f3 de les cookies enviades per la web de <span style=\"font-weight: 400;\">www.majoral.net<\/span>, sense que aix\u00f2 perjudiqui la possibilitat de l&#8217;usuari d&#8217;accedir als continguts. Tot i aix\u00f2, et fem notar que, en tot cas, la qualitat de funcionament de la p\u00e0gina web pot disminuir.<\/p>\n<p>Aix\u00ed mateix, la web de <span style=\"font-weight: 400;\">www.majoral.net<\/span> podr\u00e0 saber totes les p\u00e0gines visites pels usuaris, per la qual cosa podr\u00e0 facilitar o oferir informaci\u00f3 adequada als gustos i les prefer\u00e8ncies de cada usuari.<\/p>\n<p><strong>Com desactivar les Cookies\u00a0\u00a0<\/strong><strong>als principals navegadors\u00a0<\/strong><strong>?<\/strong><\/p>\n<p>Normalment \u00e9s possible deixar d&#8217;acceptar les galetes del navegador, o deixar d&#8217;acceptar les galetes d&#8217;una p\u00e0gina en particular.<\/p>\n<p>Tots els navegadors moderns permeten canviar la configuraci\u00f3 de galetes.\u00a0Aquest ajustament normalment es troba a les \u201cOpcions\u201d o \u201cPrefer\u00e8ncies\u201d del men\u00fa del vostre navegador.<\/p>\n<p>El web de <span style=\"font-weight: 400;\">www.majoral.net<\/span> ofereix orientaci\u00f3 a l&#8217;usuari sobre els passos per accedir al men\u00fa de configuraci\u00f3 de les cookies i, si escau, de la navegaci\u00f3 privada a cadascun dels navegadors principals:<\/p>\n<p><strong>Internet Explorer<\/strong>\u00a0: Eines -&gt; Opcions d&#8217;Internet -&gt; Privadesa -&gt; Configuraci\u00f3.<\/p>\n<p>Per a m\u00e9s informaci\u00f3, podeu consultar el suport de Microsoft o l&#8217;Ajuda del navegador.<\/p>\n<p>Firefox: Eines -&gt; Opcions -&gt; Privadesa -&gt; Hist\u00f2ric -&gt; Configuraci\u00f3 Personalitzada.<\/p>\n<p>Per a m\u00e9s informaci\u00f3, podeu consultar el suport de Mozilla o l&#8217;Ajuda del navegador.<\/p>\n<p><strong>Chrome<\/strong>\u00a0: Configuraci\u00f3 -&gt; Mostrar opcions avan\u00e7ades -&gt; Privadesa -&gt; Configuraci\u00f3 de contingut.<\/p>\n<p>Per a m\u00e9s informaci\u00f3, podeu consultar el suport de Google o l&#8217;Ajuda del navegador.<\/p>\n<p><strong>Safari<\/strong>\u00a0: Prefer\u00e8ncies -&gt; Seguretat.<\/p>\n<p>Per a m\u00e9s informaci\u00f3, podeu consultar el suport d&#8217;Apple o l&#8217;Ajuda del navegador.<\/p>\n<p>&nbsp;<\/p>\n<p><strong>Qu\u00e8 passa si es desactiven les galetes\u00a0<\/strong><strong>?<\/strong><\/p>\n<p>Algunes funcionalitats de les p\u00e0gines quedaran desactivades com ara romandre identificat, rebre informaci\u00f3 dirigida a la seva localitzaci\u00f3 o la visualitzaci\u00f3 d&#8217;alguns v\u00eddeos.<\/p>\n<p>&nbsp;<\/p>\n<p><strong>P\u00edxels.<\/strong><\/p>\n<p>Un p\u00edxel \u00e9s una imatge diminuta que es pot trobar en correus electr\u00f2nics i p\u00e0gines web, i que requereix una trucada (que proporciona informaci\u00f3 sobre el dispositiu i la visita) als nostres servidors perqu\u00e8 aquest p\u00edxel es representi en aquests correus electr\u00f2nics i p\u00e0gines web.\u00a0Utilitzem p\u00edxels per obtenir m\u00e9s informaci\u00f3 sobre les teves interaccions amb el contingut web i de correu electr\u00f2nic, com si has interactuat amb anuncis o publicacions.\u00a0Els p\u00edxels tamb\u00e9 ens permeten, a nosaltres ia tercers, col\u00b7locar cookies al teu navegador.<\/p>\n<p>&nbsp;<\/p>\n<p><strong>Actualitzaci\u00f3 i canvis en la pol\u00edtica de Cookies\u00a0<\/strong><strong>.<\/strong><\/p>\n<p>El web de <span style=\"font-weight: 400;\">www.majoral.net<\/span> pot modificar aquesta Pol\u00edtica de Cookies en funci\u00f3 d&#8217;exig\u00e8ncies legislatives, reglament\u00e0ries, o per tal d&#8217;adaptar aquesta pol\u00edtica a les instruccions dictades per l&#8217;Ag\u00e8ncia Espanyola de Protecci\u00f3 de Dades, per aix\u00f2 s&#8217;aconsella als usuaris que la visitin peri\u00f2dicament.<\/p>\n<p>Quan es produeixin canvis significatius en aquesta Pol\u00edtica de Cookies, es comunicaran als usuaris mitjan\u00e7ant el web.<\/p>\n<p>Respecte de les galetes de tercers, \u00e9s a dir aquelles que s\u00f3n alienes al nostre lloc web, no podem fer-nos responsables del contingut i veracitat de les pol\u00edtiques de privadesa que ells inclouen pel que la informaci\u00f3 que us oferim \u00e9s sempre amb refer\u00e8ncia a la font.<\/p>\n<\/div>","protected":false},"excerpt":{"rendered":"<p>\u00a0Pol\u00edtica de cookies Qu\u00e8 s\u00f3n les cookies i per qu\u00e8 les utilitzem? Aquest lloc web, igual que la majoria de llocs web a Internet, utilitza cookies per millorar lexperi\u00e8ncia de lusuari.\u00a0A continuaci\u00f3, trobareu informaci\u00f3 sobre qu\u00e8 s\u00f3n les galetes, quin tipus de galetes utilitza aquest portal, com podeu desactivar les galetes al vostre navegador i [&hellip;]<\/p>","protected":false},"author":1,"featured_media":0,"parent":0,"menu_order":0,"comment_status":"closed","ping_status":"closed","template":"","meta":{"footnotes":""},"class_list":["post-293","page","type-page","status-publish","hentry"],"_links":{"self":[{"href":"https:\/\/majoral.net\/es\/wp-json\/wp\/v2\/pages\/293","targetHints":{"allow":["GET"]}}],"collection":[{"href":"https:\/\/majoral.net\/es\/wp-json\/wp\/v2\/pages"}],"about":[{"href":"https:\/\/majoral.net\/es\/wp-json\/wp\/v2\/types\/page"}],"author":[{"embeddable":true,"href":"https:\/\/majoral.net\/es\/wp-json\/wp\/v2\/users\/1"}],"replies":[{"embeddable":true,"href":"https:\/\/majoral.net\/es\/wp-json\/wp\/v2\/comments?post=293"}],"version-history":[{"count":4,"href":"https:\/\/majoral.net\/es\/wp-json\/wp\/v2\/pages\/293\/revisions"}],"predecessor-version":[{"id":309,"href":"https:\/\/majoral.net\/es\/wp-json\/wp\/v2\/pages\/293\/revisions\/309"}],"wp:attachment":[{"href":"https:\/\/majoral.net\/es\/wp-json\/wp\/v2\/media?parent=293"}],"curies":[{"name":"wp","href":"https:\/\/api.w.org\/{rel}","templated":true}]}}