{"id":111,"date":"2021-06-03T06:18:09","date_gmt":"2021-06-03T04:18:09","guid":{"rendered":"https:\/\/majoral.net\/about\/"},"modified":"2023-09-25T21:30:48","modified_gmt":"2023-09-25T19:30:48","slug":"serveis","status":"publish","type":"page","link":"https:\/\/majoral.net\/es\/serveis\/","title":{"rendered":"Servicios"},"content":{"rendered":"<div data-elementor-type=\"wp-page\" data-elementor-id=\"111\" class=\"elementor elementor-111\">\n\t\t\t\t\t\t<section class=\"elementor-section elementor-top-section elementor-element elementor-element-ef2c342 elementor-section-boxed elementor-section-height-default elementor-section-height-default\" data-id=\"ef2c342\" data-element_type=\"section\" data-settings=\"{&quot;background_background&quot;:&quot;classic&quot;}\">\n\t\t\t\t\t\t<div class=\"elementor-container elementor-column-gap-no\">\n\t\t\t\t\t<div class=\"aux-parallax-section elementor-column elementor-col-100 elementor-top-column elementor-element elementor-element-c59b3b5\" data-id=\"c59b3b5\" data-element_type=\"column\">\n\t\t\t<div class=\"elementor-widget-wrap elementor-element-populated\">\n\t\t\t\t\t\t<div class=\"elementor-element elementor-element-f0efae7 aux-appear-watch-animation aux-scale-down elementor-widget elementor-widget-aux_modern_heading\" data-id=\"f0efae7\" data-element_type=\"widget\" data-widget_type=\"aux_modern_heading.default\">\n\t\t\t\t<div class=\"elementor-widget-container\">\n\t\t\t<section class=\"aux-widget-modern-heading\">\n            <div class=\"aux-widget-inner\"><h2 class=\"aux-modern-heading-primary\">Servicios<\/h2><\/div>\n        <\/section>\t\t<\/div>\n\t\t\t\t<\/div>\n\t\t\t\t\t<\/div>\n\t\t<\/div>\n\t\t\t\t\t<\/div>\n\t\t<\/section>\n\t\t\t\t<section class=\"elementor-section elementor-top-section elementor-element elementor-element-8ed7a3c elementor-section-full_width elementor-section-height-default elementor-section-height-default\" data-id=\"8ed7a3c\" data-element_type=\"section\">\n\t\t\t\t\t\t<div class=\"elementor-container elementor-column-gap-no\">\n\t\t\t\t\t<div class=\"aux-parallax-section elementor-column elementor-col-100 elementor-top-column elementor-element elementor-element-3f6a826\" data-id=\"3f6a826\" data-element_type=\"column\">\n\t\t\t<div class=\"elementor-widget-wrap elementor-element-populated\">\n\t\t\t\t\t\t<div class=\"elementor-element elementor-element-932c83e aux-shpe-type-rectangle elementor-widget__width-auto aux-appear-watch-animation aux-mask-from-left elementor-widget elementor-widget-aux_simple_shape\" data-id=\"932c83e\" data-element_type=\"widget\" data-widget_type=\"aux_simple_shape.default\">\n\t\t\t\t<div class=\"elementor-widget-container\">\n\t\t\t    <div class=\"aux-widget-container aux-simple-shape-container\">\n        <div class=\"aux-widget-container-inner\">\n            <div class=\"aux-the-shape\"><\/div>\n        <\/div>\n    <\/div>\n    \t\t<\/div>\n\t\t\t\t<\/div>\n\t\t\t\t<section class=\"elementor-section elementor-inner-section elementor-element elementor-element-9042147 elementor-section-content-middle elementor-section-boxed elementor-section-height-default elementor-section-height-default\" data-id=\"9042147\" data-element_type=\"section\">\n\t\t\t\t\t\t<div class=\"elementor-container elementor-column-gap-no\">\n\t\t\t\t\t<div class=\"aux-parallax-section elementor-column elementor-col-50 elementor-inner-column elementor-element elementor-element-d5c3b24\" data-id=\"d5c3b24\" data-element_type=\"column\">\n\t\t\t<div class=\"elementor-widget-wrap elementor-element-populated\">\n\t\t\t\t\t\t<div class=\"elementor-element elementor-element-70f593c aux-appear-watch-animation aux-fade-in-up-1 elementor-widget elementor-widget-aux_modern_heading\" data-id=\"70f593c\" data-element_type=\"widget\" data-widget_type=\"aux_modern_heading.default\">\n\t\t\t\t<div class=\"elementor-widget-container\">\n\t\t\t<section class=\"aux-widget-modern-heading\">\n            <div class=\"aux-widget-inner\"><h2 class=\"aux-modern-heading-primary\">Nuestros servicios<\/h2><h3 class=\"aux-modern-heading-secondary\"><span class=\"aux-head-highlight\">M\u00e1xima exigencia<\/span><\/h3><div class=\"aux-modern-heading-description\">En los \u00faltimos tiempos Construcions Majoral S.A., se ha implicado en el \u00e1mbito c\u00edvico-social, exactando residencias para la 3\u00aa edad, escuelas, entidades financieras, bares, plantas de reciclaje de madera, etc, donde el nivel de exigencia de los clientes y las ingenier\u00edas es el m\u00e1s elevado del mercado, lo que prueba la contrastada profesionalidad de Construcciones Majoral S.A.\n <\/div><\/div>\n        <\/section>\t\t<\/div>\n\t\t\t\t<\/div>\n\t\t\t\t\t<\/div>\n\t\t<\/div>\n\t\t\t\t<div class=\"aux-parallax-section elementor-column elementor-col-50 elementor-inner-column elementor-element elementor-element-8a98e7f\" data-id=\"8a98e7f\" data-element_type=\"column\">\n\t\t\t<div class=\"elementor-widget-wrap elementor-element-populated\">\n\t\t\t\t\t\t<div class=\"elementor-element elementor-element-13161dd aux-appear-watch-animation aux-mask-from-left elementor-widget elementor-widget-aux_image\" data-id=\"13161dd\" data-element_type=\"widget\" data-widget_type=\"aux_image.default\">\n\t\t\t\t<div class=\"elementor-widget-container\">\n\t\t\t<section class=\"widget-container aux-widget-image aux-alignnone aux-parent-au5ba7f41a\">\n    <div class=\"aux-media-hint-frame\">\n        <div class=\"aux-media-image\" >\n        \n            \n\n            \n            <img decoding=\"async\" src=\"https:\/\/majoral.net\/wp-content\/uploads\/2023\/09\/slide2.jpg\" alt=\"slide2\" \/>            \n                <\/div>\n    <\/div>\n\n<\/section><!-- widget-container -->\t\t<\/div>\n\t\t\t\t<\/div>\n\t\t\t\t\t<\/div>\n\t\t<\/div>\n\t\t\t\t\t<\/div>\n\t\t<\/section>\n\t\t\t\t\t<\/div>\n\t\t<\/div>\n\t\t\t\t\t<\/div>\n\t\t<\/section>\n\t\t\t\t<section class=\"elementor-section elementor-top-section elementor-element elementor-element-19402a7 elementor-section-boxed elementor-section-height-default elementor-section-height-default\" data-id=\"19402a7\" data-element_type=\"section\" data-settings=\"{&quot;background_background&quot;:&quot;classic&quot;}\">\n\t\t\t\t\t\t<div class=\"elementor-container elementor-column-gap-no\">\n\t\t\t\t\t<div class=\"aux-parallax-section elementor-column elementor-col-100 elementor-top-column elementor-element elementor-element-4c328fa\" data-id=\"4c328fa\" data-element_type=\"column\">\n\t\t\t<div class=\"elementor-widget-wrap elementor-element-populated\">\n\t\t\t\t\t\t<section class=\"elementor-section elementor-inner-section elementor-element elementor-element-14838bc elementor-section-content-middle elementor-section-boxed elementor-section-height-default elementor-section-height-default\" data-id=\"14838bc\" data-element_type=\"section\">\n\t\t\t\t\t\t<div class=\"elementor-container elementor-column-gap-no\">\n\t\t\t\t\t<div class=\"aux-parallax-section elementor-column elementor-col-50 elementor-inner-column elementor-element elementor-element-0627ad2\" data-id=\"0627ad2\" data-element_type=\"column\">\n\t\t\t<div class=\"elementor-widget-wrap elementor-element-populated\">\n\t\t\t\t\t\t<div class=\"elementor-element elementor-element-9fafc3f aux-appear-watch-animation aux-fade-in-up elementor-widget elementor-widget-aux_modern_heading\" data-id=\"9fafc3f\" data-element_type=\"widget\" data-widget_type=\"aux_modern_heading.default\">\n\t\t\t\t<div class=\"elementor-widget-container\">\n\t\t\t<section class=\"aux-widget-modern-heading\">\n            <div class=\"aux-widget-inner\"><h2 class=\"aux-modern-heading-primary\">C\u00f3mo lo hacemos<\/h2><h3 class=\"aux-modern-heading-secondary\"><span class=\"aux-head-highlight\">\u00c1mbitos de actuaci\u00f3n<\/span><\/h3><\/div>\n        <\/section>\t\t<\/div>\n\t\t\t\t<\/div>\n\t\t\t\t\t<\/div>\n\t\t<\/div>\n\t\t\t\t<div class=\"aux-parallax-section elementor-column elementor-col-50 elementor-inner-column elementor-element elementor-element-58bf349\" data-id=\"58bf349\" data-element_type=\"column\">\n\t\t\t<div class=\"elementor-widget-wrap elementor-element-populated\">\n\t\t\t\t\t\t<div class=\"elementor-element elementor-element-1adf9a9 aux-appear-watch-animation aux-fade-in-right-1 elementor-widget elementor-widget-aux_modern_heading\" data-id=\"1adf9a9\" data-element_type=\"widget\" data-widget_type=\"aux_modern_heading.default\">\n\t\t\t\t<div class=\"elementor-widget-container\">\n\t\t\t<section class=\"aux-widget-modern-heading\">\n            <div class=\"aux-widget-inner\"><h2 class=\"aux-modern-heading-primary\"><\/h2><div class=\"aux-modern-heading-description\"><h1>Rehabilitaci\u00f3n<\/h1><p>Construcciones Mayoral S.A. realiza una gesti\u00f3n integral de todo el proceso de rehabilitaci\u00f3n de cualquier tipo de edificio, casa o parte de la vivienda que se desee, nuestra experiencia y conocimiento convierten este proceso en una tarea \u00e1gil y eficiente, donde el cliente se despreocupa totalmente de inconvenientes de ese proceso.<\/p><h1>Obra industrial<\/h1><p><strong>NAVES INDUSTRIALES<\/strong>\u00a0Construcciones Mayoral S.A. tiene un alta<br \/>especializaci\u00f3n en la ejecuci\u00f3n de proyectos industriales de todo tipo, cementaciones especiales, cierres de panel de hormig\u00f3n prefabricado o cierres met\u00e1licos, naves llaves en mano, ...<\/p><p><strong>MANTENIMIENTO INDUSTRIAL<\/strong>\u00a0La especialidad de la empresa, ya que la \u00e1gil gesti\u00f3n interna, junto con un amplio equipo humano que forma Construcciones Majoral S.A., proporciona una eficacia y competitividad en todos los trabajos de mantenimiento de todo tipo de industrias, lo que ha desencadenado que un numeroso grupo de empresas deposite continuamente, la confianza en nuestros servicios.<\/p><h1>Vivienda<\/h1><p><strong>PLURIFAMILIAR<\/strong>\u00a0Construcciones Mayoral S.A. realiza la ejecuci\u00f3n de viviendas plurifamiliares ya sea como contratista principal (gestionando todos los industriales) o como empresa constructora, donde la calidad, trato y buenos acabados son nuestra raz\u00f3n de ser.<\/p><p><strong>UNIFAMILIAR<\/strong>\u00a0Construcciones Mayoral S.A. realiza la ejecuci\u00f3n de vivienda unifamiliar ya sea como contratista principal (gestionando todos los industriales) o como empresa constructora, ya sea por un particular o por una empresa ajena, donde se gestionan todos los procesos hasta el m\u00ednimo detalle.<\/p><\/div><\/div>\n        <\/section>\t\t<\/div>\n\t\t\t\t<\/div>\n\t\t\t\t\t<\/div>\n\t\t<\/div>\n\t\t\t\t\t<\/div>\n\t\t<\/section>\n\t\t\t\t\t<\/div>\n\t\t<\/div>\n\t\t\t\t\t<\/div>\n\t\t<\/section>\n\t\t\t\t<section class=\"elementor-section elementor-top-section elementor-element elementor-element-ef391eb elementor-section-content-middle elementor-section-boxed elementor-section-height-default elementor-section-height-default\" data-id=\"ef391eb\" data-element_type=\"section\">\n\t\t\t\t\t\t<div class=\"elementor-container elementor-column-gap-no\">\n\t\t\t\t\t<div class=\"aux-parallax-section elementor-column elementor-col-50 elementor-top-column elementor-element elementor-element-e50b934\" data-id=\"e50b934\" data-element_type=\"column\">\n\t\t\t<div class=\"elementor-widget-wrap elementor-element-populated\">\n\t\t\t\t\t\t<div class=\"elementor-element elementor-element-8a27765 elementor-widget__width-auto aux-appear-watch-animation aux-mask-from-left elementor-widget elementor-widget-aux_image\" data-id=\"8a27765\" data-element_type=\"widget\" data-widget_type=\"aux_image.default\">\n\t\t\t\t<div class=\"elementor-widget-container\">\n\t\t\t<section class=\"widget-container aux-widget-image aux-alignnone aux-parent-au5b1f3d5a\">\n    <div class=\"aux-media-hint-frame\">\n        <div class=\"aux-media-image\" >\n        \n            \n\n            \n            <img decoding=\"async\" src=\"https:\/\/majoral.net\/wp-content\/uploads\/2023\/09\/slide3.jpg\" alt=\"slide3\" \/>            \n                <\/div>\n    <\/div>\n\n<\/section><!-- widget-container -->\t\t<\/div>\n\t\t\t\t<\/div>\n\t\t\t\t<div class=\"aux-scroll-anim elementor-element elementor-element-7e6f5c7 elementor-widget__width-auto elementor-widget elementor-widget-aux_modern_heading\" data-move-in=\"\" data-move-out=\"moveVertical\" data-axis-x=\"200\" data-axis-y=\"35\" data-rotate=\"90\" data-scale=\"1\" data-vp-top=\"0.5\" data-vp-bot=\"0.5\" data-el-top=\"0.2\" data-scroll-animation-off=\"1024\" data-id=\"7e6f5c7\" data-element_type=\"widget\" data-widget_type=\"aux_modern_heading.default\">\n\t\t\t\t<div class=\"elementor-widget-container\">\n\t\t\t<section class=\"aux-widget-modern-heading\">\n            <div class=\"aux-widget-inner\"><h2 class=\"aux-modern-heading-primary\">+80<\/h2><h3 class=\"aux-modern-heading-secondary\"><span class=\"aux-head-highlight\">A\u00f1os de experiencia<\/span><\/h3><\/div>\n        <\/section>\t\t<\/div>\n\t\t\t\t<\/div>\n\t\t\t\t\t<\/div>\n\t\t<\/div>\n\t\t\t\t<div class=\"aux-parallax-section elementor-column elementor-col-50 elementor-top-column elementor-element elementor-element-5348785\" data-id=\"5348785\" data-element_type=\"column\">\n\t\t\t<div class=\"elementor-widget-wrap elementor-element-populated\">\n\t\t\t\t\t\t<div class=\"elementor-element elementor-element-b6a6961 aux-appear-watch-animation aux-fade-in-up elementor-widget elementor-widget-aux_modern_heading\" data-id=\"b6a6961\" data-element_type=\"widget\" data-widget_type=\"aux_modern_heading.default\">\n\t\t\t\t<div class=\"elementor-widget-container\">\n\t\t\t<section class=\"aux-widget-modern-heading\">\n            <div class=\"aux-widget-inner\"><h2 class=\"aux-modern-heading-primary\">Promociones<\/h2><h3 class=\"aux-modern-heading-secondary\"><span class=\"aux-head-highlight\">Promociones vivienda y obra industrial.<\/span><\/h3><div class=\"aux-modern-heading-description\"><p>Desarrollamos todo tipo de obras y proyectos, desde el m\u00e1s peque\u00f1o arreglo hasta la mayor obra de arquitectura o ingenier\u00eda, ya sea por particulares o por grandes empresas multinacionales.<\/p><\/div><\/div>\n        <\/section>\t\t<\/div>\n\t\t\t\t<\/div>\n\t\t\t\t\t<\/div>\n\t\t<\/div>\n\t\t\t\t\t<\/div>\n\t\t<\/section>\n\t\t\t\t<\/div>","protected":false},"excerpt":{"rendered":"<p>Serveis Els nostres serveis M\u00e1xima exigencia En els darrers temps Construcions Majoral S.A., s\u2019ha implicat dins l\u2019\u00e0mbit c\u00edvico-social, exacutant resid\u00e8ncies per la 3\u00aa edad, escoles, entitats financeres, bars, plantes de reciclatge de fusta, etc, on el nivell d\u2019exig\u00e8ncia dels clients i les enginyeries \u00e9s el m\u00e9s elevat del mercat, fet que prova la contrastada profesionalitat [&hellip;]<\/p>","protected":false},"author":1,"featured_media":0,"parent":0,"menu_order":0,"comment_status":"closed","ping_status":"closed","template":"templates\/page-builder-content.php","meta":{"footnotes":""},"class_list":["post-111","page","type-page","status-publish","hentry"],"_links":{"self":[{"href":"https:\/\/majoral.net\/es\/wp-json\/wp\/v2\/pages\/111","targetHints":{"allow":["GET"]}}],"collection":[{"href":"https:\/\/majoral.net\/es\/wp-json\/wp\/v2\/pages"}],"about":[{"href":"https:\/\/majoral.net\/es\/wp-json\/wp\/v2\/types\/page"}],"author":[{"embeddable":true,"href":"https:\/\/majoral.net\/es\/wp-json\/wp\/v2\/users\/1"}],"replies":[{"embeddable":true,"href":"https:\/\/majoral.net\/es\/wp-json\/wp\/v2\/comments?post=111"}],"version-history":[{"count":4,"href":"https:\/\/majoral.net\/es\/wp-json\/wp\/v2\/pages\/111\/revisions"}],"predecessor-version":[{"id":284,"href":"https:\/\/majoral.net\/es\/wp-json\/wp\/v2\/pages\/111\/revisions\/284"}],"wp:attachment":[{"href":"https:\/\/majoral.net\/es\/wp-json\/wp\/v2\/media?parent=111"}],"curies":[{"name":"wp","href":"https:\/\/api.w.org\/{rel}","templated":true}]}}